{"id":63,"date":"2021-11-19T14:43:33","date_gmt":"2021-11-19T14:43:33","guid":{"rendered":"https:\/\/www.ombudsmann-immobilien.net\/?page_id=63"},"modified":"2025-08-26T11:11:21","modified_gmt":"2025-08-26T11:11:21","slug":"kontakt","status":"publish","type":"page","link":"https:\/\/www.ombudsmann-immobilien.net\/index.php\/kontakt\/","title":{"rendered":"Kontakt"},"content":{"rendered":"\t\t<div data-elementor-type=\"wp-page\" data-elementor-id=\"63\" class=\"elementor elementor-63\">\n\t\t\t\t\t\t<section class=\"elementor-section elementor-top-section elementor-element elementor-element-9a794d1 elementor-section-boxed elementor-section-height-default elementor-section-height-default jltma-glass-effect-no\" data-id=\"9a794d1\" data-element_type=\"section\" data-e-type=\"section\">\n\t\t\t\t\t\t<div class=\"elementor-container elementor-column-gap-default\">\n\t\t\t\t\t<div class=\"elementor-column elementor-col-100 elementor-top-column elementor-element elementor-element-e1b1a1c jltma-glass-effect-no\" data-id=\"e1b1a1c\" data-element_type=\"column\" data-e-type=\"column\">\n\t\t\t<div class=\"elementor-widget-wrap elementor-element-populated\">\n\t\t\t\t\t\t<div class=\"elementor-element elementor-element-1ede58b jltma-glass-effect-no elementor-widget elementor-widget-spacer\" data-id=\"1ede58b\" data-element_type=\"widget\" data-e-type=\"widget\" data-widget_type=\"spacer.default\">\n\t\t\t\t<div class=\"elementor-widget-container\">\n\t\t\t\t\t\t\t<div class=\"elementor-spacer\">\n\t\t\t<div class=\"elementor-spacer-inner\"><\/div>\n\t\t<\/div>\n\t\t\t\t\t\t<\/div>\n\t\t\t\t<\/div>\n\t\t\t\t<div class=\"elementor-element elementor-element-767ceca jltma-glass-effect-no elementor-widget elementor-widget-heading\" data-id=\"767ceca\" data-element_type=\"widget\" data-e-type=\"widget\" data-widget_type=\"heading.default\">\n\t\t\t\t<div class=\"elementor-widget-container\">\n\t\t\t\t\t<h1 class=\"elementor-heading-title elementor-size-xl\">Kontakt <\/h1>\t\t\t\t<\/div>\n\t\t\t\t<\/div>\n\t\t\t\t<div class=\"elementor-element elementor-element-f7674c1 elementor-widget-divider--view-line jltma-glass-effect-no elementor-widget elementor-widget-divider\" data-id=\"f7674c1\" data-element_type=\"widget\" data-e-type=\"widget\" data-widget_type=\"divider.default\">\n\t\t\t\t<div class=\"elementor-widget-container\">\n\t\t\t\t\t\t\t<div class=\"elementor-divider\">\n\t\t\t<span class=\"elementor-divider-separator\">\n\t\t\t\t\t\t<\/span>\n\t\t<\/div>\n\t\t\t\t\t\t<\/div>\n\t\t\t\t<\/div>\n\t\t\t\t<section class=\"elementor-section elementor-inner-section elementor-element elementor-element-c706d5e elementor-section-boxed elementor-section-height-default elementor-section-height-default jltma-glass-effect-no\" data-id=\"c706d5e\" data-element_type=\"section\" data-e-type=\"section\">\n\t\t\t\t\t\t<div class=\"elementor-container elementor-column-gap-default\">\n\t\t\t\t\t<div class=\"elementor-column elementor-col-50 elementor-inner-column elementor-element elementor-element-caec10a jltma-glass-effect-no\" data-id=\"caec10a\" data-element_type=\"column\" data-e-type=\"column\">\n\t\t\t<div class=\"elementor-widget-wrap elementor-element-populated\">\n\t\t\t\t\t\t<div class=\"elementor-element elementor-element-9ee2e4d jltma-glass-effect-no elementor-widget elementor-widget-text-editor\" data-id=\"9ee2e4d\" data-element_type=\"widget\" data-e-type=\"widget\" data-widget_type=\"text-editor.default\">\n\t\t\t\t<div class=\"elementor-widget-container\">\n\t\t\t\t\t\t\t\t\t<h2>Der Ombudsmann: Kai-Peter Breiholdt<\/h2><p><strong>Ombudsmann Immobilien IVD\/VPB\u00a0<\/strong><\/p><p>Littenstr. 10<br \/>10179 Berlin<\/p><p><a href=\"mailto:info@ombudsmann-immobilien.de\">info@ombudsmann-immobilien.de<\/a><\/p><p><b>Hinweis:<\/b> Der Ombudsmann ist <b>ausschlie\u00dflich per Mail<\/b> erreichbar.<\/p>\t\t\t\t\t\t\t\t<\/div>\n\t\t\t\t<\/div>\n\t\t\t\t\t<\/div>\n\t\t<\/div>\n\t\t\t\t<div class=\"elementor-column elementor-col-50 elementor-inner-column elementor-element elementor-element-00cb560 jltma-glass-effect-no\" data-id=\"00cb560\" data-element_type=\"column\" data-e-type=\"column\">\n\t\t\t<div class=\"elementor-widget-wrap elementor-element-populated\">\n\t\t\t\t\t\t<div class=\"elementor-element elementor-element-721ad2d jltma-glass-effect-no elementor-widget elementor-widget-image\" data-id=\"721ad2d\" data-element_type=\"widget\" data-e-type=\"widget\" data-widget_type=\"image.default\">\n\t\t\t\t<div class=\"elementor-widget-container\">\n\t\t\t\t\t\t\t\t\t\t\t\t\t\t\t<img fetchpriority=\"high\" decoding=\"async\" width=\"1024\" height=\"506\" src=\"https:\/\/www.ombudsmann-immobilien.net\/wp-content\/uploads\/2021\/11\/Breiholdt-Kai-Peter-Ombudsmann-1-1024x506.png\" class=\"attachment-large size-large wp-image-240\" alt=\"\" srcset=\"https:\/\/www.ombudsmann-immobilien.net\/wp-content\/uploads\/2021\/11\/Breiholdt-Kai-Peter-Ombudsmann-1-1024x506.png 1024w, https:\/\/www.ombudsmann-immobilien.net\/wp-content\/uploads\/2021\/11\/Breiholdt-Kai-Peter-Ombudsmann-1-300x148.png 300w, https:\/\/www.ombudsmann-immobilien.net\/wp-content\/uploads\/2021\/11\/Breiholdt-Kai-Peter-Ombudsmann-1-768x380.png 768w, https:\/\/www.ombudsmann-immobilien.net\/wp-content\/uploads\/2021\/11\/Breiholdt-Kai-Peter-Ombudsmann-1.png 1044w\" sizes=\"(max-width: 1024px) 100vw, 1024px\" \/>\t\t\t\t\t\t\t\t\t\t\t\t\t\t\t<\/div>\n\t\t\t\t<\/div>\n\t\t\t\t\t<\/div>\n\t\t<\/div>\n\t\t\t\t\t<\/div>\n\t\t<\/section>\n\t\t\t\t<div class=\"elementor-element elementor-element-d0f4e15 elementor-widget-divider--view-line jltma-glass-effect-no elementor-widget elementor-widget-divider\" data-id=\"d0f4e15\" data-element_type=\"widget\" data-e-type=\"widget\" data-widget_type=\"divider.default\">\n\t\t\t\t<div class=\"elementor-widget-container\">\n\t\t\t\t\t\t\t<div class=\"elementor-divider\">\n\t\t\t<span class=\"elementor-divider-separator\">\n\t\t\t\t\t\t<\/span>\n\t\t<\/div>\n\t\t\t\t\t\t<\/div>\n\t\t\t\t<\/div>\n\t\t\t\t<div class=\"elementor-element elementor-element-c258f4e jltma-glass-effect-no elementor-widget elementor-widget-heading\" data-id=\"c258f4e\" data-element_type=\"widget\" data-e-type=\"widget\" data-widget_type=\"heading.default\">\n\t\t\t\t<div class=\"elementor-widget-container\">\n\t\t\t\t\t<h2 class=\"elementor-heading-title elementor-size-default\"><div id=\"outer-wrap\" class=\"site clr\"><div id=\"wrap\" class=\"clr\"><main id=\"main\" class=\"site-main clr\" role=\"main\"><div id=\"content-wrap\" class=\"container clr\"><div id=\"primary\" class=\"content-area clr\"><div id=\"content\" class=\"site-content clr\"><article class=\"single-page-article clr\"><div class=\"entry clr\"><div data-elementor-type=\"wp-page\" data-elementor-id=\"182\" class=\"elementor elementor-182 elementor-edit-area elementor-edit-mode elementor-edit-area-active\" data-elementor-title=\"Seite\"><div class=\"elementor-section-wrap ui-sortable\"><section data-id=\"219a5c1\" data-element_type=\"section\" class=\"elementor-element elementor-element-edit-mode elementor-element-219a5c1 elementor-section elementor-top-section elementor-section-boxed elementor-section-height-default jltma-glass-effect-no\" id=\"\" data-model-cid=\"c30\"><div class=\"elementor-container elementor-column-gap-default ui-sortable\"><div data-id=\"4471d49\" data-element_type=\"column\" class=\"elementor-element elementor-element-edit-mode elementor-element-4471d49 elementor-element--toggle-edit-tools elementor-column elementor-top-column jltma-glass-effect-no ui-resizable\" id=\"\" data-col=\"100\" data-model-cid=\"c31\"><div class=\"elementor-widget-wrap elementor-element-populated ui-sortable\"><div data-id=\"e95788c\" data-element_type=\"widget\" class=\"elementor-element elementor-element-edit-mode elementor-element-e95788c elementor-element--toggle-edit-tools elementor-widget elementor-widget-heading jltma-glass-effect-no elementor-element-editable\" data-model-cid=\"c92\" id=\"\" data-widget_type=\"heading.default\"><div class=\"elementor-widget-container\"><h2 class=\"elementor-heading-title elementor-size-default elementor-inline-editing pen\" data-elementor-setting-key=\"title\" data-pen-placeholder=\"Eingabe hier...\"><\/h2><h2 class=\"elementor-heading-title elementor-size-default elementor-inline-editing pen\" data-elementor-setting-key=\"title\" data-pen-placeholder=\"Eingabe hier...\">Sie wollen sich \u00fcber ein Unternehmen beschweren, das dem IVD angeh\u00f6rt? <\/h2><h2 class=\"elementor-heading-title elementor-size-default elementor-inline-editing pen\" data-elementor-setting-key=\"title\" data-pen-placeholder=\"Eingabe hier...\">Dann wenden Sie sich zun\u00e4chst an den zust\u00e4ndigen Regionalverband:<\/h2><\/div><\/div><\/div><\/div><\/div><\/section><\/div><\/div><\/div><\/article><\/div><\/div><\/div><\/main><\/div><\/div><\/h2>\t\t\t\t<\/div>\n\t\t\t\t<\/div>\n\t\t\t\t\t<\/div>\n\t\t<\/div>\n\t\t\t\t\t<\/div>\n\t\t<\/section>\n\t\t\t\t<section class=\"elementor-section elementor-top-section elementor-element elementor-element-b76e109 elementor-section-boxed elementor-section-height-default elementor-section-height-default jltma-glass-effect-no\" data-id=\"b76e109\" data-element_type=\"section\" data-e-type=\"section\">\n\t\t\t\t\t\t<div class=\"elementor-container elementor-column-gap-default\">\n\t\t\t\t\t<div class=\"elementor-column elementor-col-100 elementor-top-column elementor-element elementor-element-dcecdfc jltma-glass-effect-no\" data-id=\"dcecdfc\" data-element_type=\"column\" data-e-type=\"column\">\n\t\t\t<div class=\"elementor-widget-wrap elementor-element-populated\">\n\t\t\t\t\t\t<section class=\"elementor-section elementor-inner-section elementor-element elementor-element-2c5279b elementor-section-boxed elementor-section-height-default elementor-section-height-default jltma-glass-effect-no\" data-id=\"2c5279b\" data-element_type=\"section\" data-e-type=\"section\">\n\t\t\t\t\t\t<div class=\"elementor-container elementor-column-gap-default\">\n\t\t\t\t\t<div class=\"elementor-column elementor-col-33 elementor-inner-column elementor-element elementor-element-a7b98dd jltma-glass-effect-no\" data-id=\"a7b98dd\" data-element_type=\"column\" data-e-type=\"column\">\n\t\t\t<div class=\"elementor-widget-wrap elementor-element-populated\">\n\t\t\t\t\t\t<div class=\"elementor-element elementor-element-9b94a20 jltma-glass-effect-no elementor-widget elementor-widget-text-editor\" data-id=\"9b94a20\" data-element_type=\"widget\" data-e-type=\"widget\" data-widget_type=\"text-editor.default\">\n\t\t\t\t<div class=\"elementor-widget-container\">\n\t\t\t\t\t\t\t\t\t<p><strong>IVD Berlin-Brandenburg<\/strong><br \/>Tel.: +49 30 89735364<br \/><a href=\"mailto:info@ivd.berlin\">info@ivd.berlin<\/a><\/p><p><strong>IVD Mitte<\/strong><br \/>Tel.: +49 69 282823<br \/><a href=\"mailto:info@ivd-mitte.de\">info@ivd-mitte.de<\/a><\/p><p><strong>IVD Mitte-Ost<\/strong><br \/>Tel.: +49 341 6019495<br \/><a href=\"mailto:info@ivd-mitte-ost.net\">info@ivd-mitte-ost.net<\/a><\/p><p><strong>IVD Nord<\/strong><br \/>Tel.: +49 40 3575990<br \/><a href=\"mailto:info@ivd-nord.de\">info@ivd-nord.de<\/a><\/p>\t\t\t\t\t\t\t\t<\/div>\n\t\t\t\t<\/div>\n\t\t\t\t\t<\/div>\n\t\t<\/div>\n\t\t\t\t<div class=\"elementor-column elementor-col-33 elementor-inner-column elementor-element elementor-element-9aae319 jltma-glass-effect-no\" data-id=\"9aae319\" data-element_type=\"column\" data-e-type=\"column\">\n\t\t\t<div class=\"elementor-widget-wrap elementor-element-populated\">\n\t\t\t\t\t\t<div class=\"elementor-element elementor-element-df4f5d9 jltma-glass-effect-no elementor-widget elementor-widget-text-editor\" data-id=\"df4f5d9\" data-element_type=\"widget\" data-e-type=\"widget\" data-widget_type=\"text-editor.default\">\n\t\t\t\t<div class=\"elementor-widget-container\">\n\t\t\t\t\t\t\t\t\t<p><strong>IVD S\u00fcd Bayern<\/strong><br \/>Tel.: +49 89 2908200<br \/><a href=\"mailto:info@ivd-sued.net\">info@ivd-sued.net<\/a><\/p><p><strong>IVD S\u00fcd Baden-W\u00fcrttemberg<\/strong><br \/>Tel.: +49 711 8147380<br \/><a href=\"mailto:info@ivd-sued-bw.net\">info@ivd-sued-bw.net<\/a><\/p><p><strong>IVD West<\/strong><br \/>Tel.: +49 221 9514970<br \/><a href=\"mailto:info@ivd-west.net\">info@ivd-west.net<\/a><\/p>\t\t\t\t\t\t\t\t<\/div>\n\t\t\t\t<\/div>\n\t\t\t\t\t<\/div>\n\t\t<\/div>\n\t\t\t\t<div class=\"elementor-column elementor-col-33 elementor-inner-column elementor-element elementor-element-baacd30 jltma-glass-effect-no\" data-id=\"baacd30\" data-element_type=\"column\" data-e-type=\"column\">\n\t\t\t<div class=\"elementor-widget-wrap elementor-element-populated\">\n\t\t\t\t\t\t<div class=\"elementor-element elementor-element-d8ff52e jltma-glass-effect-no elementor-widget elementor-widget-image\" data-id=\"d8ff52e\" data-element_type=\"widget\" data-e-type=\"widget\" data-widget_type=\"image.default\">\n\t\t\t\t<div class=\"elementor-widget-container\">\n\t\t\t\t\t\t\t\t\t\t\t\t\t\t\t<img decoding=\"async\" width=\"489\" height=\"524\" src=\"https:\/\/www.ombudsmann-immobilien.net\/wp-content\/uploads\/2022\/03\/IVD-Regionalverbaende.png\" class=\"attachment-large size-large wp-image-448\" alt=\"\" srcset=\"https:\/\/www.ombudsmann-immobilien.net\/wp-content\/uploads\/2022\/03\/IVD-Regionalverbaende.png 489w, https:\/\/www.ombudsmann-immobilien.net\/wp-content\/uploads\/2022\/03\/IVD-Regionalverbaende-280x300.png 280w\" sizes=\"(max-width: 489px) 100vw, 489px\" \/>\t\t\t\t\t\t\t\t\t\t\t\t\t\t\t<\/div>\n\t\t\t\t<\/div>\n\t\t\t\t\t<\/div>\n\t\t<\/div>\n\t\t\t\t\t<\/div>\n\t\t<\/section>\n\t\t\t\t<div class=\"elementor-element elementor-element-cc6e578 elementor-widget-divider--view-line jltma-glass-effect-no elementor-widget elementor-widget-divider\" data-id=\"cc6e578\" data-element_type=\"widget\" data-e-type=\"widget\" data-widget_type=\"divider.default\">\n\t\t\t\t<div class=\"elementor-widget-container\">\n\t\t\t\t\t\t\t<div class=\"elementor-divider\">\n\t\t\t<span class=\"elementor-divider-separator\">\n\t\t\t\t\t\t<\/span>\n\t\t<\/div>\n\t\t\t\t\t\t<\/div>\n\t\t\t\t<\/div>\n\t\t\t\t\t<\/div>\n\t\t<\/div>\n\t\t\t\t\t<\/div>\n\t\t<\/section>\n\t\t\t\t<section class=\"elementor-section elementor-top-section elementor-element elementor-element-78d0647d elementor-section-height-min-height elementor-section-boxed elementor-section-height-default elementor-section-items-middle jltma-glass-effect-no\" data-id=\"78d0647d\" data-element_type=\"section\" data-e-type=\"section\" data-settings=\"{&quot;background_background&quot;:&quot;classic&quot;}\">\n\t\t\t\t\t\t\t<div class=\"elementor-background-overlay\"><\/div>\n\t\t\t\t\t\t\t<div class=\"elementor-container elementor-column-gap-wider\">\n\t\t\t\t\t<div class=\"elementor-column elementor-col-20 elementor-top-column elementor-element elementor-element-2f3411c4 jltma-glass-effect-no\" data-id=\"2f3411c4\" data-element_type=\"column\" data-e-type=\"column\">\n\t\t\t<div class=\"elementor-widget-wrap elementor-element-populated\">\n\t\t\t\t\t\t<div class=\"elementor-element elementor-element-3204fc8c animated-slow jltma-glass-effect-no elementor-invisible elementor-widget elementor-widget-heading\" data-id=\"3204fc8c\" data-element_type=\"widget\" data-e-type=\"widget\" data-settings=\"{&quot;_animation&quot;:&quot;fadeIn&quot;}\" data-widget_type=\"heading.default\">\n\t\t\t\t<div class=\"elementor-widget-container\">\n\t\t\t\t\t<h3 class=\"elementor-heading-title elementor-size-default\"><a href=\"https:\/\/www.ombudsmann-immobilien.net\/index.php\/weiterfuehrende-links\/\">Weiterf\u00fchrende Links<\/a><\/h3>\t\t\t\t<\/div>\n\t\t\t\t<\/div>\n\t\t\t\t\t<\/div>\n\t\t<\/div>\n\t\t\t\t<div class=\"elementor-column elementor-col-20 elementor-top-column elementor-element elementor-element-1eca711b jltma-glass-effect-no\" data-id=\"1eca711b\" data-element_type=\"column\" data-e-type=\"column\">\n\t\t\t<div class=\"elementor-widget-wrap elementor-element-populated\">\n\t\t\t\t\t\t<div class=\"elementor-element elementor-element-7c12f6c1 animated-slow jltma-glass-effect-no elementor-invisible elementor-widget elementor-widget-heading\" data-id=\"7c12f6c1\" data-element_type=\"widget\" data-e-type=\"widget\" data-settings=\"{&quot;_animation&quot;:&quot;fadeIn&quot;}\" data-widget_type=\"heading.default\">\n\t\t\t\t<div class=\"elementor-widget-container\">\n\t\t\t\t\t<h3 class=\"elementor-heading-title elementor-size-default\"><a href=\"https:\/\/www.ombudsmann-immobilien.net\/index.php\/datenschutzerklaerung\/\">Datenschutzerkl\u00e4rung<\/a><\/h3>\t\t\t\t<\/div>\n\t\t\t\t<\/div>\n\t\t\t\t\t<\/div>\n\t\t<\/div>\n\t\t\t\t<div class=\"elementor-column elementor-col-20 elementor-top-column elementor-element elementor-element-3da1bb71 jltma-glass-effect-no\" data-id=\"3da1bb71\" data-element_type=\"column\" data-e-type=\"column\">\n\t\t\t<div class=\"elementor-widget-wrap elementor-element-populated\">\n\t\t\t\t\t\t<div class=\"elementor-element elementor-element-18937882 animated-slow jltma-glass-effect-no elementor-invisible elementor-widget elementor-widget-heading\" data-id=\"18937882\" data-element_type=\"widget\" data-e-type=\"widget\" data-settings=\"{&quot;_animation&quot;:&quot;fadeIn&quot;}\" data-widget_type=\"heading.default\">\n\t\t\t\t<div class=\"elementor-widget-container\">\n\t\t\t\t\t<h3 class=\"elementor-heading-title elementor-size-default\"><a href=\"https:\/\/www.ombudsmann-immobilien.net\/index.php\/impressum\/\">Impressum<\/a><\/h3>\t\t\t\t<\/div>\n\t\t\t\t<\/div>\n\t\t\t\t\t<\/div>\n\t\t<\/div>\n\t\t\t\t<div class=\"elementor-column elementor-col-20 elementor-top-column elementor-element elementor-element-116e8e2c jltma-glass-effect-no\" data-id=\"116e8e2c\" data-element_type=\"column\" data-e-type=\"column\">\n\t\t\t<div class=\"elementor-widget-wrap elementor-element-populated\">\n\t\t\t\t\t\t<div class=\"elementor-element elementor-element-12a2ca07 animated-slow jltma-glass-effect-no elementor-invisible elementor-widget elementor-widget-heading\" data-id=\"12a2ca07\" data-element_type=\"widget\" data-e-type=\"widget\" data-settings=\"{&quot;_animation&quot;:&quot;fadeIn&quot;}\" data-widget_type=\"heading.default\">\n\t\t\t\t<div class=\"elementor-widget-container\">\n\t\t\t\t\t<h3 class=\"elementor-heading-title elementor-size-default\"><a href=\"https:\/\/www.ombudsmann-immobilien.net\/index.php\/kontakt\/\">Kontakt<\/a><\/h3>\t\t\t\t<\/div>\n\t\t\t\t<\/div>\n\t\t\t\t\t<\/div>\n\t\t<\/div>\n\t\t\t\t<div class=\"elementor-column elementor-col-20 elementor-top-column elementor-element elementor-element-64218263 jltma-glass-effect-no\" data-id=\"64218263\" data-element_type=\"column\" data-e-type=\"column\">\n\t\t\t<div class=\"elementor-widget-wrap elementor-element-populated\">\n\t\t\t\t\t\t<div class=\"elementor-element elementor-element-23d7e1a3 jltma-glass-effect-no elementor-widget elementor-widget-image\" data-id=\"23d7e1a3\" data-element_type=\"widget\" data-e-type=\"widget\" data-widget_type=\"image.default\">\n\t\t\t\t<div class=\"elementor-widget-container\">\n\t\t\t\t\t\t\t\t\t\t\t\t\t\t\t\t<a href=\"https:\/\/www.ombudsmann-immobilien.net\/\">\n\t\t\t\t\t\t\t<img decoding=\"async\" width=\"1024\" height=\"227\" src=\"https:\/\/www.ombudsmann-immobilien.net\/wp-content\/uploads\/2021\/11\/cropped-Logo-IVD-und-VPB-scaled-1-1024x227.jpg\" class=\"attachment-large size-large wp-image-151\" alt=\"\" srcset=\"https:\/\/www.ombudsmann-immobilien.net\/wp-content\/uploads\/2021\/11\/cropped-Logo-IVD-und-VPB-scaled-1-1024x227.jpg 1024w, https:\/\/www.ombudsmann-immobilien.net\/wp-content\/uploads\/2021\/11\/cropped-Logo-IVD-und-VPB-scaled-1-300x67.jpg 300w, https:\/\/www.ombudsmann-immobilien.net\/wp-content\/uploads\/2021\/11\/cropped-Logo-IVD-und-VPB-scaled-1-768x170.jpg 768w, https:\/\/www.ombudsmann-immobilien.net\/wp-content\/uploads\/2021\/11\/cropped-Logo-IVD-und-VPB-scaled-1-1536x341.jpg 1536w, https:\/\/www.ombudsmann-immobilien.net\/wp-content\/uploads\/2021\/11\/cropped-Logo-IVD-und-VPB-scaled-1-2048x454.jpg 2048w\" sizes=\"(max-width: 1024px) 100vw, 1024px\" \/>\t\t\t\t\t\t\t\t<\/a>\n\t\t\t\t\t\t\t\t\t\t\t\t\t\t\t<\/div>\n\t\t\t\t<\/div>\n\t\t\t\t\t<\/div>\n\t\t<\/div>\n\t\t\t\t\t<\/div>\n\t\t<\/section>\n\t\t\t\t<\/div>\n\t\t","protected":false},"excerpt":{"rendered":"<p>Kontakt Der Ombudsmann: Kai-Peter Breiholdt Ombudsmann Immobilien IVD\/VPB\u00a0 Littenstr. 1010179 Berlin info@ombudsmann-immobilien.de Hinweis: Der Ombudsmann ist ausschlie\u00dflich per Mail erreichbar. Sie wollen sich \u00fcber ein Unternehmen beschweren, das dem IVD angeh\u00f6rt? Dann wenden Sie sich zun\u00e4chst an den zust\u00e4ndigen Regionalverband: IVD Berlin-BrandenburgTel.: +49 30 89735364info@ivd.berlin IVD MitteTel.: +49 69 282823info@ivd-mitte.de IVD Mitte-OstTel.: +49 341 6019495info@ivd-mitte-ost.net [&hellip;]<\/p>\n","protected":false},"author":1,"featured_media":0,"parent":0,"menu_order":0,"comment_status":"closed","ping_status":"closed","template":"","meta":{"ocean_post_layout":"full-screen","ocean_both_sidebars_style":"","ocean_both_sidebars_content_width":0,"ocean_both_sidebars_sidebars_width":0,"ocean_sidebar":"0","ocean_second_sidebar":"0","ocean_disable_margins":"enable","ocean_add_body_class":"","ocean_shortcode_before_top_bar":"","ocean_shortcode_after_top_bar":"","ocean_shortcode_before_header":"","ocean_shortcode_after_header":"","ocean_has_shortcode":"","ocean_shortcode_after_title":"","ocean_shortcode_before_footer_widgets":"","ocean_shortcode_after_footer_widgets":"","ocean_shortcode_before_footer_bottom":"","ocean_shortcode_after_footer_bottom":"","ocean_display_top_bar":"off","ocean_display_header":"default","ocean_header_style":"","ocean_center_header_left_menu":"0","ocean_custom_header_template":"0","ocean_custom_logo":0,"ocean_custom_retina_logo":0,"ocean_custom_logo_max_width":0,"ocean_custom_logo_tablet_max_width":0,"ocean_custom_logo_mobile_max_width":0,"ocean_custom_logo_max_height":0,"ocean_custom_logo_tablet_max_height":0,"ocean_custom_logo_mobile_max_height":0,"ocean_header_custom_menu":"0","ocean_menu_typo_font_family":"0","ocean_menu_typo_font_subset":"","ocean_menu_typo_font_size":0,"ocean_menu_typo_font_size_tablet":0,"ocean_menu_typo_font_size_mobile":0,"ocean_menu_typo_font_size_unit":"px","ocean_menu_typo_font_weight":"","ocean_menu_typo_font_weight_tablet":"","ocean_menu_typo_font_weight_mobile":"","ocean_menu_typo_transform":"","ocean_menu_typo_transform_tablet":"","ocean_menu_typo_transform_mobile":"","ocean_menu_typo_line_height":0,"ocean_menu_typo_line_height_tablet":0,"ocean_menu_typo_line_height_mobile":0,"ocean_menu_typo_line_height_unit":"","ocean_menu_typo_spacing":0,"ocean_menu_typo_spacing_tablet":0,"ocean_menu_typo_spacing_mobile":0,"ocean_menu_typo_spacing_unit":"","ocean_menu_link_color":"","ocean_menu_link_color_hover":"","ocean_menu_link_color_active":"","ocean_menu_link_background":"","ocean_menu_link_hover_background":"","ocean_menu_link_active_background":"","ocean_menu_social_links_bg":"","ocean_menu_social_hover_links_bg":"","ocean_menu_social_links_color":"","ocean_menu_social_hover_links_color":"","ocean_disable_title":"on","ocean_disable_heading":"default","ocean_post_title":"","ocean_post_subheading":"","ocean_post_title_style":"","ocean_post_title_background_color":"","ocean_post_title_background":0,"ocean_post_title_bg_image_position":"","ocean_post_title_bg_image_attachment":"","ocean_post_title_bg_image_repeat":"","ocean_post_title_bg_image_size":"","ocean_post_title_height":0,"ocean_post_title_bg_overlay":0.5,"ocean_post_title_bg_overlay_color":"","ocean_disable_breadcrumbs":"default","ocean_breadcrumbs_color":"","ocean_breadcrumbs_separator_color":"","ocean_breadcrumbs_links_color":"","ocean_breadcrumbs_links_hover_color":"","ocean_display_footer_widgets":"on","ocean_display_footer_bottom":"off","ocean_custom_footer_template":"0","footnotes":""},"class_list":["post-63","page","type-page","status-publish","hentry","entry"],"_links":{"self":[{"href":"https:\/\/www.ombudsmann-immobilien.net\/index.php\/wp-json\/wp\/v2\/pages\/63","targetHints":{"allow":["GET"]}}],"collection":[{"href":"https:\/\/www.ombudsmann-immobilien.net\/index.php\/wp-json\/wp\/v2\/pages"}],"about":[{"href":"https:\/\/www.ombudsmann-immobilien.net\/index.php\/wp-json\/wp\/v2\/types\/page"}],"author":[{"embeddable":true,"href":"https:\/\/www.ombudsmann-immobilien.net\/index.php\/wp-json\/wp\/v2\/users\/1"}],"replies":[{"embeddable":true,"href":"https:\/\/www.ombudsmann-immobilien.net\/index.php\/wp-json\/wp\/v2\/comments?post=63"}],"version-history":[{"count":38,"href":"https:\/\/www.ombudsmann-immobilien.net\/index.php\/wp-json\/wp\/v2\/pages\/63\/revisions"}],"predecessor-version":[{"id":752,"href":"https:\/\/www.ombudsmann-immobilien.net\/index.php\/wp-json\/wp\/v2\/pages\/63\/revisions\/752"}],"wp:attachment":[{"href":"https:\/\/www.ombudsmann-immobilien.net\/index.php\/wp-json\/wp\/v2\/media?parent=63"}],"curies":[{"name":"wp","href":"https:\/\/api.w.org\/{rel}","templated":true}]}}